{"id":11,"date":"2021-06-17T10:38:42","date_gmt":"2021-06-17T08:38:42","guid":{"rendered":"http:\/\/hotelgaleria.sk\/?page_id=11"},"modified":"2024-02-19T11:29:16","modified_gmt":"2024-02-19T10:29:16","slug":"contact","status":"publish","type":"page","link":"https:\/\/hotelgaleria.sk\/index.php\/contact\/","title":{"rendered":"Kontaktujte n\u00e1s:"},"content":{"rendered":"\n<div class=\"wp-block-cover alignfull\" style=\"min-height:420px;aspect-ratio:unset;\"><span aria-hidden=\"true\" class=\"wp-block-cover__background has-nv-light-bg-background-color has-background-dim-100 has-background-dim\"><\/span><div class=\"wp-block-cover__inner-container is-layout-flow wp-block-cover-is-layout-flow\">\n<div style=\"height:80px\" aria-hidden=\"true\" class=\"wp-block-spacer\"><\/div>\n\n\n<div class=\"wp-block-image\">\n<figure class=\"aligncenter size-large is-resized\"><a href=\"https:\/\/www.booking.com\/hotel\/sk\/galeria-pezinska-baba.cs.html?aid=304142&amp;label=gen173nr-1FCAEoggI46AdIM1gEaM0BiAEBmAEFuAEXyAEM2AEB6AEB-AEMiAIBqAIDuALYocyuBsACAdICJDQ3YjQ3OTNkLWRiMzgtNGViOC04NTYxLWU1YTMyZDc0NGFlNNgCBuACAQ&amp;sid=7070e24d97af4154e0f8c044f735ab34&amp;dest_id=9259947;dest_type=hotel;dist=0;group_adults=2;group_children=0;hapos=1;hpos=1;no_rooms=1;req_adults=2;req_children=0;room1=A%2CA;sb_price_type=total;sr_order=popularity;srepoch=1708331311;srpvid=0d3b3b9658db0007;type=total;ucfs=1&amp;#hotelTmpl\" target=\"_blank\" rel=\"noreferrer noopener\"><img loading=\"lazy\" decoding=\"async\" src=\"http:\/\/hotelgaleria.sk\/wp-content\/uploads\/2024\/02\/HOTEL-GALERIA-BOOKING-1021x1024.png\" alt=\"\" class=\"wp-image-250\" width=\"255\" height=\"256\" srcset=\"https:\/\/hotelgaleria.sk\/wp-content\/uploads\/2024\/02\/HOTEL-GALERIA-BOOKING-1021x1024.png 1021w, https:\/\/hotelgaleria.sk\/wp-content\/uploads\/2024\/02\/HOTEL-GALERIA-BOOKING-300x300.png 300w, https:\/\/hotelgaleria.sk\/wp-content\/uploads\/2024\/02\/HOTEL-GALERIA-BOOKING-150x150.png 150w, https:\/\/hotelgaleria.sk\/wp-content\/uploads\/2024\/02\/HOTEL-GALERIA-BOOKING-768x770.png 768w, https:\/\/hotelgaleria.sk\/wp-content\/uploads\/2024\/02\/HOTEL-GALERIA-BOOKING.png 1246w\" sizes=\"auto, (max-width: 255px) 100vw, 255px\" \/><\/a><\/figure>\n<\/div>\n\n\n<div class=\"wp-block-columns is-layout-flex wp-container-core-columns-is-layout-9d6595d7 wp-block-columns-is-layout-flex\">\n<div class=\"wp-block-column is-layout-flow wp-block-column-is-layout-flow\">\n<div style=\"height:24px\" aria-hidden=\"true\" class=\"wp-block-spacer\"><\/div>\n\n\n<div class=\"wp-block-image icon-style is-style-rounded\">\n<figure class=\"aligncenter is-resized\"><img loading=\"lazy\" decoding=\"async\" src=\"http:\/\/hotelgaleria.sk\/wp-content\/themes\/neve\/assets\/img\/starter-content\/icon-05.svg\" alt=\"\" width=\"48\" height=\"48\"\/><\/figure>\n<\/div>\n\n\n<h3 class=\"has-text-align-center has-neve-text-color-color has-text-color wp-block-heading\" id=\"call-us\">Call us<\/h3>\n\n\n\n<p class=\"has-text-align-center has-neve-text-color-color has-text-color\" style=\"font-size:15px\">+421908288288  +421911750170<\/p>\n\n\n\n<ul class=\"wp-block-list\">\n<li><\/li>\n<\/ul>\n\n\n\n<div style=\"height:24px\" aria-hidden=\"true\" class=\"wp-block-spacer\"><\/div>\n<\/div>\n\n\n\n<div class=\"wp-block-column is-layout-flow wp-block-column-is-layout-flow\">\n<div style=\"height:24px\" aria-hidden=\"true\" class=\"wp-block-spacer\"><\/div>\n\n\n<div class=\"wp-block-image icon-style is-style-rounded\">\n<figure class=\"aligncenter is-resized\"><img loading=\"lazy\" decoding=\"async\" src=\"http:\/\/hotelgaleria.sk\/wp-content\/themes\/neve\/assets\/img\/starter-content\/icon-06.svg\" alt=\"\" width=\"48\" height=\"48\"\/><\/figure>\n<\/div>\n\n\n<h3 class=\"has-text-align-center has-neve-text-color-color has-text-color wp-block-heading\" id=\"email\">Email<\/h3>\n\n\n\n<p class=\"has-text-align-center has-neve-text-color-color has-text-color\" style=\"font-size:15px\">info@hotelgaleria.sk<\/p>\n\n\n\n<div style=\"height:24px\" aria-hidden=\"true\" class=\"wp-block-spacer\"><\/div>\n<\/div>\n\n\n\n<div class=\"wp-block-column is-layout-flow wp-block-column-is-layout-flow\">\n<div style=\"height:24px\" aria-hidden=\"true\" class=\"wp-block-spacer\"><\/div>\n\n\n<div class=\"wp-block-image icon-style is-style-rounded\">\n<figure class=\"aligncenter is-resized\"><img loading=\"lazy\" decoding=\"async\" src=\"http:\/\/hotelgaleria.sk\/wp-content\/themes\/neve\/assets\/img\/starter-content\/icon-04.svg\" alt=\"\" width=\"48\" height=\"48\"\/><\/figure>\n<\/div>\n\n\n<h3 class=\"has-text-align-center has-neve-text-color-color has-text-color wp-block-heading\" id=\"poloha\">Poloha<\/h3>\n\n\n\n<p class=\"has-text-align-center has-neve-text-color-color has-text-color\" style=\"font-size:15px\">Na Babe 4058<\/p>\n\n\n\n<p class=\"has-text-align-center has-neve-text-color-color has-text-color\" style=\"font-size:15px\">Pezinsk\u00e1 Baba <\/p>\n\n\n\n<p class=\"has-text-align-center has-neve-link-color-color has-text-color\"><strong>&nbsp;<\/strong>Zemepisn\u00e1 \u0161\u00edrka 48,3460,&nbsp;<\/p>\n\n\n\n<p class=\"has-text-align-center has-neve-link-color-color has-text-color\">Zemepisn\u00e1 d\u013a\u017eka 17,1897&nbsp;<\/p>\n\n\n\n<figure class=\"wp-block-image size-full\"><a href=\"https:\/\/www.facebook.com\/HOTEL-Galeria-Pezinsk%C3%A1-Baba-108769608137919\"><img loading=\"lazy\" decoding=\"async\" width=\"820\" height=\"365\" src=\"http:\/\/d.r1.wbsprt.com\/hotelgaleria.sk\/wp-content\/uploads\/2022\/02\/facebook.jpg\" alt=\"\" class=\"wp-image-114\" srcset=\"https:\/\/hotelgaleria.sk\/wp-content\/uploads\/2022\/02\/facebook.jpg 820w, https:\/\/hotelgaleria.sk\/wp-content\/uploads\/2022\/02\/facebook-300x134.jpg 300w, https:\/\/hotelgaleria.sk\/wp-content\/uploads\/2022\/02\/facebook-768x342.jpg 768w\" sizes=\"auto, (max-width: 820px) 100vw, 820px\" \/><\/a><\/figure>\n\n\n\n<div style=\"height:24px\" aria-hidden=\"true\" class=\"wp-block-spacer\"><\/div>\n<\/div>\n<\/div>\n\n\n\n<p><\/p>\n\n\n\n<div class=\"wp-block-group\"><div class=\"wp-block-group__inner-container is-layout-flow wp-block-group-is-layout-flow\">\t\t<div id=\"wpmapblock_f9a32292\" data-settings='{&quot;map_marker&quot;:[{&quot;lat&quot;:&quot;48.34634&quot;,&quot;lng&quot;:&quot;17.18968&quot;,&quot;title&quot;:&quot;HOTEL GALERIA Pezinsk\\u00e1 Baba&quot;,&quot;content&quot;:&quot;&quot;,&quot;iconType&quot;:&quot;default&quot;,&quot;customIconUrl&quot;:&quot;&quot;,&quot;customIconWidth&quot;:&quot;25&quot;,&quot;customIconHeight&quot;:&quot;40&quot;}],&quot;map_zoom&quot;:&quot;8&quot;,&quot;scroll_wheel_zoom&quot;:false,&quot;map_type&quot;:&quot;GM&quot;,&quot;center_index&quot;:0}' class=\"wpmapblockrender\" style=\"\n\t\t\twidth: 100%;\n\t\t\theight: 300px;\n\t\t\"><\/div>\n        <\/div><\/div>\n<\/div><\/div>\n\n\n\n<div class=\"wp-block-cover alignfull\" style=\"min-height:600px;aspect-ratio:unset;\"><span aria-hidden=\"true\" class=\"wp-block-cover__background has-nv-dark-bg-background-color has-background-dim-100 has-background-dim\"><\/span><div class=\"wp-block-cover__inner-container is-layout-flow wp-block-cover-is-layout-flow\">\n<div class=\"wp-block-group\"><div class=\"wp-block-group__inner-container is-layout-flow wp-block-group-is-layout-flow\">\n<div style=\"height:80px\" aria-hidden=\"true\" class=\"wp-block-spacer\"><\/div>\n\n\n\n<div class=\"wp-block-columns is-layout-flex wp-container-core-columns-is-layout-9d6595d7 wp-block-columns-is-layout-flex\">\n<div class=\"wp-block-column is-vertically-aligned-center is-layout-flow wp-block-column-is-layout-flow\" style=\"flex-basis:50%\">\n<h2 class=\"has-nv-text-dark-bg-color has-text-color wp-block-heading\" id=\"napiste-nam\">Nap\u00ed\u0161te n\u00e1m<\/h2>\n\n\n\n<p class=\"has-white-color has-text-color\">Zarezervujte si u n\u00e1s u\u017e dnes v\u00edkendov\u00fd, alebo t\u00fd\u017edenn\u00fd pobyt za zv\u00fdhodnen\u00fa cenu.<\/p>\n<\/div>\n\n\n\n<div class=\"wp-block-column is-vertically-aligned-center is-layout-flow wp-block-column-is-layout-flow\" style=\"flex-basis:50%\">\n<figure class=\"wp-block-gallery has-nested-images columns-default is-cropped wp-block-gallery-1 is-layout-flex wp-block-gallery-is-layout-flex\">\n<figure class=\"wp-block-image size-large\"><img loading=\"lazy\" decoding=\"async\" width=\"1024\" height=\"683\" data-id=\"85\" src=\"http:\/\/d.r1.wbsprt.com\/hotelgaleria.sk\/wp-content\/uploads\/2022\/02\/HOTEL-GALERIA-PEZINSKA-BABA-01-1024x683.jpg\" alt=\"\" class=\"wp-image-85\" srcset=\"https:\/\/hotelgaleria.sk\/wp-content\/uploads\/2022\/02\/HOTEL-GALERIA-PEZINSKA-BABA-01-1024x683.jpg 1024w, https:\/\/hotelgaleria.sk\/wp-content\/uploads\/2022\/02\/HOTEL-GALERIA-PEZINSKA-BABA-01-300x200.jpg 300w, https:\/\/hotelgaleria.sk\/wp-content\/uploads\/2022\/02\/HOTEL-GALERIA-PEZINSKA-BABA-01-768x512.jpg 768w, https:\/\/hotelgaleria.sk\/wp-content\/uploads\/2022\/02\/HOTEL-GALERIA-PEZINSKA-BABA-01-1536x1024.jpg 1536w, https:\/\/hotelgaleria.sk\/wp-content\/uploads\/2022\/02\/HOTEL-GALERIA-PEZINSKA-BABA-01-2048x1365.jpg 2048w, https:\/\/hotelgaleria.sk\/wp-content\/uploads\/2022\/02\/HOTEL-GALERIA-PEZINSKA-BABA-01-930x620.jpg 930w\" sizes=\"auto, (max-width: 1024px) 100vw, 1024px\" \/><\/figure>\n<\/figure>\n<\/div>\n<\/div>\n\n\n\n<div style=\"height:40px\" aria-hidden=\"true\" class=\"wp-block-spacer\"><\/div>\n<\/div><\/div>\n<\/div><\/div>\n\n\n\n<p><\/p>\n","protected":false},"excerpt":{"rendered":"","protected":false},"author":1,"featured_media":0,"parent":0,"menu_order":0,"comment_status":"closed","ping_status":"closed","template":"","meta":{"_mi_skip_tracking":false,"neve_meta_sidebar":"","neve_meta_container":"","neve_meta_enable_content_width":"on","neve_meta_content_width":100,"neve_meta_title_alignment":"","neve_meta_author_avatar":"","neve_post_elements_order":"","neve_meta_disable_header":"","neve_meta_disable_footer":"","neve_meta_disable_title":"on","footnotes":""},"class_list":["post-11","page","type-page","status-publish","hentry"],"yoast_head":"<!-- This site is optimized with the Yoast SEO plugin v19.14 - https:\/\/yoast.com\/wordpress\/plugins\/seo\/ -->\n<title>Kontaktujte n\u00e1s: - HOTEL GALERIA Pezinsk\u00e1 Baba<\/title>\n<meta name=\"robots\" content=\"index, follow, max-snippet:-1, max-image-preview:large, max-video-preview:-1\" \/>\n<link rel=\"canonical\" href=\"https:\/\/hotelgaleria.sk\/index.php\/contact\/\" \/>\n<meta property=\"og:locale\" content=\"sk_SK\" \/>\n<meta property=\"og:type\" content=\"article\" \/>\n<meta property=\"og:title\" content=\"Kontaktujte n\u00e1s: - HOTEL GALERIA Pezinsk\u00e1 Baba\" \/>\n<meta property=\"og:url\" content=\"https:\/\/hotelgaleria.sk\/index.php\/contact\/\" \/>\n<meta property=\"og:site_name\" content=\"HOTEL GALERIA Pezinsk\u00e1 Baba\" \/>\n<meta property=\"article:modified_time\" content=\"2024-02-19T10:29:16+00:00\" \/>\n<meta property=\"og:image\" content=\"http:\/\/hotelgaleria.sk\/wp-content\/uploads\/2024\/02\/HOTEL-GALERIA-BOOKING-1021x1024.png\" \/>\n<meta name=\"twitter:card\" content=\"summary_large_image\" \/>\n<meta name=\"twitter:label1\" content=\"Predpokladan\u00fd \u010das \u010d\u00edtania\" \/>\n\t<meta name=\"twitter:data1\" content=\"2 min\u00faty\" \/>\n<script type=\"application\/ld+json\" class=\"yoast-schema-graph\">{\"@context\":\"https:\/\/schema.org\",\"@graph\":[{\"@type\":\"WebPage\",\"@id\":\"https:\/\/hotelgaleria.sk\/index.php\/contact\/\",\"url\":\"https:\/\/hotelgaleria.sk\/index.php\/contact\/\",\"name\":\"Kontaktujte n\u00e1s: - HOTEL GALERIA Pezinsk\u00e1 Baba\",\"isPartOf\":{\"@id\":\"https:\/\/hotelgaleria.sk\/#website\"},\"datePublished\":\"2021-06-17T08:38:42+00:00\",\"dateModified\":\"2024-02-19T10:29:16+00:00\",\"breadcrumb\":{\"@id\":\"https:\/\/hotelgaleria.sk\/index.php\/contact\/#breadcrumb\"},\"inLanguage\":\"sk-SK\",\"potentialAction\":[{\"@type\":\"ReadAction\",\"target\":[\"https:\/\/hotelgaleria.sk\/index.php\/contact\/\"]}]},{\"@type\":\"BreadcrumbList\",\"@id\":\"https:\/\/hotelgaleria.sk\/index.php\/contact\/#breadcrumb\",\"itemListElement\":[{\"@type\":\"ListItem\",\"position\":1,\"name\":\"Home\",\"item\":\"https:\/\/hotelgaleria.sk\/\"},{\"@type\":\"ListItem\",\"position\":2,\"name\":\"Kontaktujte n\u00e1s:\"}]},{\"@type\":\"WebSite\",\"@id\":\"https:\/\/hotelgaleria.sk\/#website\",\"url\":\"https:\/\/hotelgaleria.sk\/\",\"name\":\"HOTEL GALERIA Pezinsk\u00e1 Baba\",\"description\":\"DOPRAJTE SI POHODU A ZASL\u00da\u017dEN\u00dd ODDYCH\",\"publisher\":{\"@id\":\"https:\/\/hotelgaleria.sk\/#organization\"},\"potentialAction\":[{\"@type\":\"SearchAction\",\"target\":{\"@type\":\"EntryPoint\",\"urlTemplate\":\"https:\/\/hotelgaleria.sk\/?s={search_term_string}\"},\"query-input\":\"required name=search_term_string\"}],\"inLanguage\":\"sk-SK\"},{\"@type\":\"Organization\",\"@id\":\"https:\/\/hotelgaleria.sk\/#organization\",\"name\":\"HOTEL GALERIA Pezinska Baba\",\"url\":\"https:\/\/hotelgaleria.sk\/\",\"logo\":{\"@type\":\"ImageObject\",\"inLanguage\":\"sk-SK\",\"@id\":\"https:\/\/hotelgaleria.sk\/#\/schema\/logo\/image\/\",\"url\":\"https:\/\/hotelgaleria.sk\/wp-content\/uploads\/2021\/07\/logo.png\",\"contentUrl\":\"https:\/\/hotelgaleria.sk\/wp-content\/uploads\/2021\/07\/logo.png\",\"width\":333,\"height\":72,\"caption\":\"HOTEL GALERIA Pezinska Baba\"},\"image\":{\"@id\":\"https:\/\/hotelgaleria.sk\/#\/schema\/logo\/image\/\"}}]}<\/script>\n<!-- \/ Yoast SEO plugin. -->","yoast_head_json":{"title":"Kontaktujte n\u00e1s: - HOTEL GALERIA Pezinsk\u00e1 Baba","robots":{"index":"index","follow":"follow","max-snippet":"max-snippet:-1","max-image-preview":"max-image-preview:large","max-video-preview":"max-video-preview:-1"},"canonical":"https:\/\/hotelgaleria.sk\/index.php\/contact\/","og_locale":"sk_SK","og_type":"article","og_title":"Kontaktujte n\u00e1s: - HOTEL GALERIA Pezinsk\u00e1 Baba","og_url":"https:\/\/hotelgaleria.sk\/index.php\/contact\/","og_site_name":"HOTEL GALERIA Pezinsk\u00e1 Baba","article_modified_time":"2024-02-19T10:29:16+00:00","og_image":[{"url":"http:\/\/hotelgaleria.sk\/wp-content\/uploads\/2024\/02\/HOTEL-GALERIA-BOOKING-1021x1024.png"}],"twitter_card":"summary_large_image","twitter_misc":{"Predpokladan\u00fd \u010das \u010d\u00edtania":"2 min\u00faty"},"schema":{"@context":"https:\/\/schema.org","@graph":[{"@type":"WebPage","@id":"https:\/\/hotelgaleria.sk\/index.php\/contact\/","url":"https:\/\/hotelgaleria.sk\/index.php\/contact\/","name":"Kontaktujte n\u00e1s: - HOTEL GALERIA Pezinsk\u00e1 Baba","isPartOf":{"@id":"https:\/\/hotelgaleria.sk\/#website"},"datePublished":"2021-06-17T08:38:42+00:00","dateModified":"2024-02-19T10:29:16+00:00","breadcrumb":{"@id":"https:\/\/hotelgaleria.sk\/index.php\/contact\/#breadcrumb"},"inLanguage":"sk-SK","potentialAction":[{"@type":"ReadAction","target":["https:\/\/hotelgaleria.sk\/index.php\/contact\/"]}]},{"@type":"BreadcrumbList","@id":"https:\/\/hotelgaleria.sk\/index.php\/contact\/#breadcrumb","itemListElement":[{"@type":"ListItem","position":1,"name":"Home","item":"https:\/\/hotelgaleria.sk\/"},{"@type":"ListItem","position":2,"name":"Kontaktujte n\u00e1s:"}]},{"@type":"WebSite","@id":"https:\/\/hotelgaleria.sk\/#website","url":"https:\/\/hotelgaleria.sk\/","name":"HOTEL GALERIA Pezinsk\u00e1 Baba","description":"DOPRAJTE SI POHODU A ZASL\u00da\u017dEN\u00dd ODDYCH","publisher":{"@id":"https:\/\/hotelgaleria.sk\/#organization"},"potentialAction":[{"@type":"SearchAction","target":{"@type":"EntryPoint","urlTemplate":"https:\/\/hotelgaleria.sk\/?s={search_term_string}"},"query-input":"required name=search_term_string"}],"inLanguage":"sk-SK"},{"@type":"Organization","@id":"https:\/\/hotelgaleria.sk\/#organization","name":"HOTEL GALERIA Pezinska Baba","url":"https:\/\/hotelgaleria.sk\/","logo":{"@type":"ImageObject","inLanguage":"sk-SK","@id":"https:\/\/hotelgaleria.sk\/#\/schema\/logo\/image\/","url":"https:\/\/hotelgaleria.sk\/wp-content\/uploads\/2021\/07\/logo.png","contentUrl":"https:\/\/hotelgaleria.sk\/wp-content\/uploads\/2021\/07\/logo.png","width":333,"height":72,"caption":"HOTEL GALERIA Pezinska Baba"},"image":{"@id":"https:\/\/hotelgaleria.sk\/#\/schema\/logo\/image\/"}}]}},"_links":{"self":[{"href":"https:\/\/hotelgaleria.sk\/index.php\/wp-json\/wp\/v2\/pages\/11","targetHints":{"allow":["GET"]}}],"collection":[{"href":"https:\/\/hotelgaleria.sk\/index.php\/wp-json\/wp\/v2\/pages"}],"about":[{"href":"https:\/\/hotelgaleria.sk\/index.php\/wp-json\/wp\/v2\/types\/page"}],"author":[{"embeddable":true,"href":"https:\/\/hotelgaleria.sk\/index.php\/wp-json\/wp\/v2\/users\/1"}],"replies":[{"embeddable":true,"href":"https:\/\/hotelgaleria.sk\/index.php\/wp-json\/wp\/v2\/comments?post=11"}],"version-history":[{"count":5,"href":"https:\/\/hotelgaleria.sk\/index.php\/wp-json\/wp\/v2\/pages\/11\/revisions"}],"predecessor-version":[{"id":253,"href":"https:\/\/hotelgaleria.sk\/index.php\/wp-json\/wp\/v2\/pages\/11\/revisions\/253"}],"wp:attachment":[{"href":"https:\/\/hotelgaleria.sk\/index.php\/wp-json\/wp\/v2\/media?parent=11"}],"curies":[{"name":"wp","href":"https:\/\/api.w.org\/{rel}","templated":true}]}}