{"id":13,"date":"2021-06-17T10:38:42","date_gmt":"2021-06-17T08:38:42","guid":{"rendered":"http:\/\/hotelgaleria.sk\/?page_id=13"},"modified":"2025-03-04T23:50:28","modified_gmt":"2025-03-04T22:50:28","slug":"project-details","status":"publish","type":"page","link":"https:\/\/hotelgaleria.sk\/index.php\/project-details\/","title":{"rendered":"CENN\u00cdK UBYTOVANIA"},"content":{"rendered":"\n<div class=\"wp-block-cover alignfull\" style=\"min-height:320px;aspect-ratio:unset;\"><span aria-hidden=\"true\" class=\"wp-block-cover__background has-nv-site-bg-background-color has-background-dim-100 has-background-dim\"><\/span><div class=\"wp-block-cover__inner-container is-layout-flow wp-block-cover-is-layout-flow\">\n<div class=\"wp-block-group\"><div class=\"wp-block-group__inner-container is-layout-flow wp-block-group-is-layout-flow\">\n<div class=\"wp-block-columns are-vertically-aligned-center is-layout-flex wp-container-core-columns-is-layout-9d6595d7 wp-block-columns-is-layout-flex\">\n<div class=\"wp-block-column is-vertically-aligned-center is-layout-flow wp-block-column-is-layout-flow\" style=\"flex-basis:70%\">\n<h1 class=\"has-text-align-left has-neve-text-color-color has-text-color has-large-font-size wp-block-heading\">Cenn\u00edk platn\u00fd od 01.03.2025<\/h1>\n\n\n\n<p class=\"has-neve-text-color-color has-text-color\" style=\"font-size:22px\">Vybetre si izbu spomedzi 3 \u00farovn\u00ed<\/p>\n<\/div>\n\n\n\n<div class=\"wp-block-column is-vertically-aligned-center is-layout-flow wp-block-column-is-layout-flow\" style=\"flex-basis:30%\"><\/div>\n<\/div>\n<\/div><\/div>\n<\/div><\/div>\n\n\n\n<div class=\"wp-block-cover alignfull\" style=\"min-height:600px;aspect-ratio:unset;\"><span aria-hidden=\"true\" class=\"wp-block-cover__background has-nv-light-bg-background-color has-background-dim-100 has-background-dim\"><\/span><div class=\"wp-block-cover__inner-container is-layout-flow wp-block-cover-is-layout-flow\">\n<div class=\"wp-block-group\"><div class=\"wp-block-group__inner-container is-layout-flow wp-block-group-is-layout-flow\">\n<div style=\"height:80px\" aria-hidden=\"true\" class=\"wp-block-spacer\"><\/div>\n\n\n\n<div class=\"wp-block-columns is-layout-flex wp-container-core-columns-is-layout-9d6595d7 wp-block-columns-is-layout-flex\">\n<div class=\"wp-block-column is-layout-flow wp-block-column-is-layout-flow\" style=\"flex-basis:66.79%\">\n<figure class=\"wp-block-image size-large\"><img loading=\"lazy\" decoding=\"async\" width=\"1024\" height=\"922\" src=\"http:\/\/d.r1.wbsprt.com\/hotelgaleria.sk\/wp-content\/uploads\/2022\/03\/HOTEL-GALERIA-BABA-007-1-1024x922.jpg\" alt=\"\" class=\"wp-image-138\" srcset=\"https:\/\/hotelgaleria.sk\/wp-content\/uploads\/2022\/03\/HOTEL-GALERIA-BABA-007-1-1024x922.jpg 1024w, https:\/\/hotelgaleria.sk\/wp-content\/uploads\/2022\/03\/HOTEL-GALERIA-BABA-007-1-300x270.jpg 300w, https:\/\/hotelgaleria.sk\/wp-content\/uploads\/2022\/03\/HOTEL-GALERIA-BABA-007-1-768x691.jpg 768w, https:\/\/hotelgaleria.sk\/wp-content\/uploads\/2022\/03\/HOTEL-GALERIA-BABA-007-1.jpg 1442w\" sizes=\"auto, (max-width: 1024px) 100vw, 1024px\" \/><\/figure>\n\n\n\n<div style=\"height:40px\" aria-hidden=\"true\" class=\"wp-block-spacer\"><\/div>\n<\/div>\n\n\n\n<div class=\"wp-block-column is-layout-flow wp-block-column-is-layout-flow\" style=\"flex-basis:34%\">\n<p class=\"has-neve-text-color-color has-text-color\"><strong><em>GALERIA \u0161tandard<\/em><\/strong><\/p>\n\n\n\n<ul class=\"wp-block-list\">\n<li>priama d\u00e1tov\u00e1 linka,<\/li>\n\n\n\n<li>WI-FI Internet,<\/li>\n\n\n\n<li>minibar,<\/li>\n\n\n\n<li>trezor,<\/li>\n\n\n\n<li>bezpe\u010dnostn\u00fd kartov\u00fd syst\u00e9m,<\/li>\n\n\n\n<li>WC ,sprchov\u00fd k\u00fat a su\u0161i\u010d vlasov,<\/li>\n\n\n\n<li>hotelov\u00e1 kozmetika<\/li>\n<\/ul>\n\n\n\n<div class=\"wp-block-buttons is-layout-flex wp-block-buttons-is-layout-flex\">\n<div class=\"wp-block-button is-style-primary\"><a class=\"wp-block-button__link wp-element-button\">Viac obr\u00e1zkov<\/a><\/div>\n<\/div>\n\n\n\n<hr class=\"wp-block-separator has-css-opacity is-style-wide\"\/>\n\n\n\n<figure class=\"wp-block-image size-large is-resized is-style-rounded\"><img loading=\"lazy\" decoding=\"async\" src=\"http:\/\/d.r1.wbsprt.com\/hotelgaleria.sk\/wp-content\/uploads\/2022\/02\/DSC_3791-1024x885.jpg\" alt=\"\" class=\"wp-image-108\" width=\"100\" height=\"100\"\/><\/figure>\n\n\n\n<p class=\"has-neve-text-color-color has-text-color\">Hotel disponuje 1 izbou tejto kateg\u00f3rie<\/p>\n\n\n\n<p class=\"has-neve-text-color-color has-text-color\">CENA za jednu noc s ra\u0148ajkami pre dve osoby 129,- Eur<\/p>\n<\/div>\n<\/div>\n\n\n\n<div style=\"height:40px\" aria-hidden=\"true\" class=\"wp-block-spacer\"><\/div>\n<\/div><\/div>\n<\/div><\/div>\n\n\n\n<div class=\"wp-block-cover alignfull\" style=\"min-height:600px;aspect-ratio:unset;\"><span aria-hidden=\"true\" class=\"wp-block-cover__background has-nv-light-bg-background-color has-background-dim-100 has-background-dim\"><\/span><div class=\"wp-block-cover__inner-container is-layout-flow wp-block-cover-is-layout-flow\">\n<div class=\"wp-block-group\"><div class=\"wp-block-group__inner-container is-layout-flow wp-block-group-is-layout-flow\">\n<div style=\"height:80px\" aria-hidden=\"true\" class=\"wp-block-spacer\"><\/div>\n\n\n\n<div class=\"wp-block-columns is-layout-flex wp-container-core-columns-is-layout-9d6595d7 wp-block-columns-is-layout-flex\">\n<div class=\"wp-block-column is-layout-flow wp-block-column-is-layout-flow\" style=\"flex-basis:66.79%\">\n<figure class=\"wp-block-image size-large\"><img loading=\"lazy\" decoding=\"async\" width=\"1024\" height=\"768\" src=\"http:\/\/d.r1.wbsprt.com\/hotelgaleria.sk\/wp-content\/uploads\/2022\/01\/HOTEL-GALERIA-Pezinska-Baba-001-1024x768.jpg\" alt=\"\" class=\"wp-image-56\" srcset=\"https:\/\/hotelgaleria.sk\/wp-content\/uploads\/2022\/01\/HOTEL-GALERIA-Pezinska-Baba-001-1024x768.jpg 1024w, https:\/\/hotelgaleria.sk\/wp-content\/uploads\/2022\/01\/HOTEL-GALERIA-Pezinska-Baba-001-300x225.jpg 300w, https:\/\/hotelgaleria.sk\/wp-content\/uploads\/2022\/01\/HOTEL-GALERIA-Pezinska-Baba-001-768x576.jpg 768w, https:\/\/hotelgaleria.sk\/wp-content\/uploads\/2022\/01\/HOTEL-GALERIA-Pezinska-Baba-001-1536x1152.jpg 1536w, https:\/\/hotelgaleria.sk\/wp-content\/uploads\/2022\/01\/HOTEL-GALERIA-Pezinska-Baba-001.jpg 2048w\" sizes=\"auto, (max-width: 1024px) 100vw, 1024px\" \/><\/figure>\n\n\n\n<div style=\"height:40px\" aria-hidden=\"true\" class=\"wp-block-spacer\"><\/div>\n<\/div>\n\n\n\n<div class=\"wp-block-column is-layout-flow wp-block-column-is-layout-flow\" style=\"flex-basis:34%\">\n<p class=\"has-neve-text-color-color has-text-color\"><strong><em>GALERIA DE LUXE<\/em><\/strong><\/p>\n\n\n\n<ul class=\"wp-block-list\">\n<li>OLED TV,<\/li>\n\n\n\n<li>priama d\u00e1tov\u00e1 linka,<\/li>\n\n\n\n<li>WI-FI Internet,<\/li>\n\n\n\n<li>minibar,<\/li>\n\n\n\n<li>trezor,<\/li>\n\n\n\n<li>bezpe\u010dnostn\u00fd kartov\u00fd syst\u00e9m,<\/li>\n\n\n\n<li>WC ,sprchov\u00fd k\u00fat a su\u0161i\u010d vlasov,<\/li>\n<\/ul>\n\n\n\n<ul class=\"wp-block-list\">\n<li>hotelov\u00e1 kozmetika<\/li>\n<\/ul>\n\n\n\n<div class=\"wp-block-buttons is-layout-flex wp-block-buttons-is-layout-flex\">\n<div class=\"wp-block-button is-style-primary\"><a class=\"wp-block-button__link wp-element-button\">Viac obr\u00e1zkov<\/a><\/div>\n<\/div>\n\n\n\n<hr class=\"wp-block-separator has-css-opacity is-style-wide\"\/>\n\n\n\n<figure class=\"wp-block-image size-large is-resized is-style-rounded\"><img loading=\"lazy\" decoding=\"async\" src=\"http:\/\/d.r1.wbsprt.com\/hotelgaleria.sk\/wp-content\/uploads\/2022\/02\/DSC_3791-1024x885.jpg\" alt=\"\" class=\"wp-image-108\" width=\"100\" height=\"100\"\/><\/figure>\n\n\n\n<p class=\"has-neve-text-color-color has-text-color\">Hotel disponuje 12 izbami tejto kateg\u00f3rie<\/p>\n\n\n\n<p class=\"has-neve-text-color-color has-text-color\">CENA za jednu noc s ra\u0148ajkami pre dve osoby 159,- Eur <\/p>\n\n\n\n<p class=\"has-neve-text-color-color has-text-color\">Mo\u017enos\u0165 pr\u00edstelky 29,- Eur s ra\u0148ajkami<\/p>\n<\/div>\n<\/div>\n\n\n\n<div style=\"height:40px\" aria-hidden=\"true\" class=\"wp-block-spacer\"><\/div>\n<\/div><\/div>\n<\/div><\/div>\n\n\n\n<div class=\"wp-block-cover alignfull\" style=\"min-height:600px;aspect-ratio:unset;\"><span aria-hidden=\"true\" class=\"wp-block-cover__background has-nv-light-bg-background-color has-background-dim-100 has-background-dim\"><\/span><div class=\"wp-block-cover__inner-container is-layout-flow wp-block-cover-is-layout-flow\">\n<div class=\"wp-block-group\"><div class=\"wp-block-group__inner-container is-layout-flow wp-block-group-is-layout-flow\">\n<div style=\"height:80px\" aria-hidden=\"true\" class=\"wp-block-spacer\"><\/div>\n\n\n\n<div class=\"wp-block-columns is-layout-flex wp-container-core-columns-is-layout-9d6595d7 wp-block-columns-is-layout-flex\">\n<div class=\"wp-block-column is-layout-flow wp-block-column-is-layout-flow\" style=\"flex-basis:66.79%\">\n<figure class=\"wp-block-image size-large\"><img loading=\"lazy\" decoding=\"async\" width=\"1024\" height=\"638\" src=\"http:\/\/d.r1.wbsprt.com\/hotelgaleria.sk\/wp-content\/uploads\/2022\/02\/HOTEL-GALERIA-PEZINSKA-BABA-APARTMAN-1024x638.jpg\" alt=\"\" class=\"wp-image-80\" srcset=\"https:\/\/hotelgaleria.sk\/wp-content\/uploads\/2022\/02\/HOTEL-GALERIA-PEZINSKA-BABA-APARTMAN-1024x638.jpg 1024w, https:\/\/hotelgaleria.sk\/wp-content\/uploads\/2022\/02\/HOTEL-GALERIA-PEZINSKA-BABA-APARTMAN-300x187.jpg 300w, https:\/\/hotelgaleria.sk\/wp-content\/uploads\/2022\/02\/HOTEL-GALERIA-PEZINSKA-BABA-APARTMAN-768x479.jpg 768w, https:\/\/hotelgaleria.sk\/wp-content\/uploads\/2022\/02\/HOTEL-GALERIA-PEZINSKA-BABA-APARTMAN.jpg 1280w\" sizes=\"auto, (max-width: 1024px) 100vw, 1024px\" \/><\/figure>\n\n\n\n<div style=\"height:40px\" aria-hidden=\"true\" class=\"wp-block-spacer\"><\/div>\n<\/div>\n\n\n\n<div class=\"wp-block-column is-layout-flow wp-block-column-is-layout-flow\" style=\"flex-basis:34%\">\n<p class=\"has-neve-text-color-color has-text-color\"><strong><em>GALERIA QUEEN APARTMAN<\/em><\/strong><\/p>\n\n\n\n<ul class=\"wp-block-list\">\n<li>ve\u013ek\u00e1 ob\u00fdvacia miestnos\u0165 s krbom,<\/li>\n\n\n\n<li>3x sp\u00e1l\u0148a 1x s krbom<\/li>\n\n\n\n<li>kuchy\u0148a<\/li>\n\n\n\n<li>OLED TV,<\/li>\n\n\n\n<li>WI-FI internet,<\/li>\n\n\n\n<li>trezor,<\/li>\n\n\n\n<li>bezpe\u010dnostn\u00fd kartov\u00fd syst\u00e9m,<\/li>\n\n\n\n<li>WC s k\u00fapel\u0148ou, va\u0148ou , sprchov\u00fdm k\u00fatom a su\u0161i\u010dom vlasov, komfortn\u00e9 WC s bidetom,<\/li>\n\n\n\n<li>hotelov\u00e1 kozmetika<\/li>\n\n\n\n<li>\u017eupan, papu\u010de.<\/li>\n<\/ul>\n\n\n\n<div class=\"wp-block-buttons is-layout-flex wp-block-buttons-is-layout-flex\">\n<div class=\"wp-block-button is-style-primary\"><a class=\"wp-block-button__link wp-element-button\">Viac obr\u00e1zkov<\/a><\/div>\n<\/div>\n\n\n\n<hr class=\"wp-block-separator has-css-opacity is-style-wide\"\/>\n\n\n\n<figure class=\"wp-block-image size-large is-resized is-style-rounded\"><img loading=\"lazy\" decoding=\"async\" src=\"http:\/\/d.r1.wbsprt.com\/hotelgaleria.sk\/wp-content\/uploads\/2022\/02\/DSC_3791-1024x885.jpg\" alt=\"\" class=\"wp-image-108\" width=\"100\" height=\"100\"\/><\/figure>\n\n\n\n<p class=\"has-neve-text-color-color has-text-color\">Hotel disponuje 1 apartm\u00e1nom tejto kateg\u00f3rie<\/p>\n\n\n\n<p class=\"has-neve-text-color-color has-text-color\">CENA za jednu noc 1999,- Eur <\/p>\n\n\n\n<p class=\"has-neve-text-color-color has-text-color\">Minimum stay 3 nights<\/p>\n<\/div>\n<\/div>\n\n\n\n<div style=\"height:40px\" aria-hidden=\"true\" class=\"wp-block-spacer\"><\/div>\n<\/div><\/div>\n<\/div><\/div>\n\n\n\n<div class=\"wp-block-cover alignfull\" style=\"min-height:600px;aspect-ratio:unset;\"><span aria-hidden=\"true\" class=\"wp-block-cover__background has-nv-site-bg-background-color has-background-dim-100 has-background-dim\"><\/span><div class=\"wp-block-cover__inner-container is-layout-flow wp-block-cover-is-layout-flow\">\n<div class=\"wp-block-group\"><div class=\"wp-block-group__inner-container is-layout-flow wp-block-group-is-layout-flow\">\n<div style=\"height:80px\" aria-hidden=\"true\" class=\"wp-block-spacer\"><\/div>\n\n\n\n<h2 class=\"has-text-color wp-block-heading\" style=\"color:#381f08\">Vyu\u017eite mno\u017estevn\u00fa z\u013eavu!<\/h2>\n\n\n\n<p class=\"has-neve-link-color-color has-text-color\"><strong>6+1 zdarma<\/strong> Ak si u n\u00e1s objedn\u00e1te t\u00fd\u017edenn\u00fd pobyt zaplat\u00edte za 6 noc\u00ed.<\/p>\n\n\n\n<div style=\"height:20px\" aria-hidden=\"true\" class=\"wp-block-spacer\"><\/div>\n\n\n\n<div class=\"wp-block-columns are-vertically-aligned-center is-layout-flex wp-container-core-columns-is-layout-9d6595d7 wp-block-columns-is-layout-flex\">\n<div class=\"wp-block-column is-vertically-aligned-center is-layout-flow wp-block-column-is-layout-flow\" style=\"flex-basis:50%\">\n<figure class=\"wp-block-image size-large is-resized\"><img loading=\"lazy\" decoding=\"async\" src=\"http:\/\/d.r1.wbsprt.com\/hotelgaleria.sk\/wp-content\/uploads\/2022\/03\/DSC_1986-1024x683.jpg\" alt=\"\" class=\"wp-image-153\" width=\"512\" height=\"342\" srcset=\"https:\/\/hotelgaleria.sk\/wp-content\/uploads\/2022\/03\/DSC_1986-1024x683.jpg 1024w, https:\/\/hotelgaleria.sk\/wp-content\/uploads\/2022\/03\/DSC_1986-300x200.jpg 300w, https:\/\/hotelgaleria.sk\/wp-content\/uploads\/2022\/03\/DSC_1986-768x512.jpg 768w, https:\/\/hotelgaleria.sk\/wp-content\/uploads\/2022\/03\/DSC_1986-1536x1024.jpg 1536w, https:\/\/hotelgaleria.sk\/wp-content\/uploads\/2022\/03\/DSC_1986-2048x1365.jpg 2048w, https:\/\/hotelgaleria.sk\/wp-content\/uploads\/2022\/03\/DSC_1986-930x620.jpg 930w\" sizes=\"auto, (max-width: 512px) 100vw, 512px\" \/><\/figure>\n\n\n\n<p><\/p>\n\n\n\n<div style=\"height:40px\" aria-hidden=\"true\" class=\"wp-block-spacer\"><\/div>\n<\/div>\n\n\n\n<div class=\"wp-block-column is-vertically-aligned-center is-layout-flow wp-block-column-is-layout-flow\" style=\"flex-basis:50%\">\n<figure class=\"wp-block-image size-large is-resized\"><img loading=\"lazy\" decoding=\"async\" src=\"http:\/\/d.r1.wbsprt.com\/hotelgaleria.sk\/wp-content\/uploads\/2022\/03\/DSC_1988-1024x683.jpg\" alt=\"\" class=\"wp-image-155\" width=\"512\" height=\"342\" srcset=\"https:\/\/hotelgaleria.sk\/wp-content\/uploads\/2022\/03\/DSC_1988-1024x683.jpg 1024w, https:\/\/hotelgaleria.sk\/wp-content\/uploads\/2022\/03\/DSC_1988-300x200.jpg 300w, https:\/\/hotelgaleria.sk\/wp-content\/uploads\/2022\/03\/DSC_1988-768x512.jpg 768w, https:\/\/hotelgaleria.sk\/wp-content\/uploads\/2022\/03\/DSC_1988-1536x1024.jpg 1536w, https:\/\/hotelgaleria.sk\/wp-content\/uploads\/2022\/03\/DSC_1988-2048x1365.jpg 2048w, https:\/\/hotelgaleria.sk\/wp-content\/uploads\/2022\/03\/DSC_1988-930x620.jpg 930w\" sizes=\"auto, (max-width: 512px) 100vw, 512px\" \/><\/figure>\n\n\n\n<div style=\"height:40px\" aria-hidden=\"true\" class=\"wp-block-spacer\"><\/div>\n<\/div>\n<\/div>\n\n\n\n<div style=\"height:40px\" aria-hidden=\"true\" class=\"wp-block-spacer\"><\/div>\n<\/div><\/div>\n<\/div><\/div>\n\n\n\n<div class=\"wp-block-cover alignfull\" style=\"min-height:300px;aspect-ratio:unset;\"><span aria-hidden=\"true\" class=\"wp-block-cover__background has-background-dim-100 has-background-dim\" style=\"background-color:#764810\"><\/span><div class=\"wp-block-cover__inner-container is-layout-flow wp-block-cover-is-layout-flow\">\n<h2 class=\"has-text-align-center has-nv-text-dark-bg-color has-text-color wp-block-heading\" id=\"doprajte-si-pohodu-a-zasluzeny-oddych\">DOPRAJTE SI POHODU A ZASL\u00da\u017dEN\u00dd ODDYCH<\/h2>\n\n\n\n<p class=\"has-text-align-center has-medium-font-size\">HOTEL GALERIA PEZINSK\u00c1 BABA<\/p>\n\n\n\n<p class=\"has-text-align-center has-medium-font-size\"><\/p>\n\n\n\n<div class=\"wp-block-buttons is-content-justification-center is-layout-flex wp-container-core-buttons-is-layout-16018d1d wp-block-buttons-is-layout-flex\">\n<div class=\"wp-block-button is-style-primary\"><a class=\"wp-block-button__link wp-element-button\" href=\"#\">VIAC FOTOGRAFI\u00cd<\/a><\/div>\n<\/div>\n\n\n\n<div style=\"height:140px\" aria-hidden=\"true\" class=\"wp-block-spacer\"><\/div>\n<\/div><\/div>\n","protected":false},"excerpt":{"rendered":"","protected":false},"author":1,"featured_media":0,"parent":0,"menu_order":0,"comment_status":"closed","ping_status":"closed","template":"","meta":{"_mi_skip_tracking":false,"neve_meta_sidebar":"","neve_meta_container":"","neve_meta_enable_content_width":"on","neve_meta_content_width":100,"neve_meta_title_alignment":"","neve_meta_author_avatar":"","neve_post_elements_order":"","neve_meta_disable_header":"","neve_meta_disable_footer":"","neve_meta_disable_title":"on","footnotes":""},"class_list":["post-13","page","type-page","status-publish","hentry"],"yoast_head":"<!-- This site is optimized with the Yoast SEO plugin v19.14 - https:\/\/yoast.com\/wordpress\/plugins\/seo\/ -->\n<title>CENN\u00cdK UBYTOVANIA - HOTEL GALERIA Pezinsk\u00e1 Baba<\/title>\n<meta name=\"robots\" content=\"index, follow, max-snippet:-1, max-image-preview:large, max-video-preview:-1\" \/>\n<link rel=\"canonical\" href=\"https:\/\/hotelgaleria.sk\/index.php\/project-details\/\" \/>\n<meta property=\"og:locale\" content=\"sk_SK\" \/>\n<meta property=\"og:type\" content=\"article\" \/>\n<meta property=\"og:title\" content=\"CENN\u00cdK UBYTOVANIA - HOTEL GALERIA Pezinsk\u00e1 Baba\" \/>\n<meta property=\"og:url\" content=\"https:\/\/hotelgaleria.sk\/index.php\/project-details\/\" \/>\n<meta property=\"og:site_name\" content=\"HOTEL GALERIA Pezinsk\u00e1 Baba\" \/>\n<meta property=\"article:modified_time\" content=\"2025-03-04T22:50:28+00:00\" \/>\n<meta property=\"og:image\" content=\"http:\/\/d.r1.wbsprt.com\/hotelgaleria.sk\/wp-content\/uploads\/2022\/03\/HOTEL-GALERIA-BABA-007-1-1024x922.jpg\" \/>\n<meta name=\"twitter:card\" content=\"summary_large_image\" \/>\n<meta name=\"twitter:label1\" content=\"Predpokladan\u00fd \u010das \u010d\u00edtania\" \/>\n\t<meta name=\"twitter:data1\" content=\"3 min\u00faty\" \/>\n<script type=\"application\/ld+json\" class=\"yoast-schema-graph\">{\"@context\":\"https:\/\/schema.org\",\"@graph\":[{\"@type\":\"WebPage\",\"@id\":\"https:\/\/hotelgaleria.sk\/index.php\/project-details\/\",\"url\":\"https:\/\/hotelgaleria.sk\/index.php\/project-details\/\",\"name\":\"CENN\u00cdK UBYTOVANIA - HOTEL GALERIA Pezinsk\u00e1 Baba\",\"isPartOf\":{\"@id\":\"https:\/\/hotelgaleria.sk\/#website\"},\"datePublished\":\"2021-06-17T08:38:42+00:00\",\"dateModified\":\"2025-03-04T22:50:28+00:00\",\"breadcrumb\":{\"@id\":\"https:\/\/hotelgaleria.sk\/index.php\/project-details\/#breadcrumb\"},\"inLanguage\":\"sk-SK\",\"potentialAction\":[{\"@type\":\"ReadAction\",\"target\":[\"https:\/\/hotelgaleria.sk\/index.php\/project-details\/\"]}]},{\"@type\":\"BreadcrumbList\",\"@id\":\"https:\/\/hotelgaleria.sk\/index.php\/project-details\/#breadcrumb\",\"itemListElement\":[{\"@type\":\"ListItem\",\"position\":1,\"name\":\"Home\",\"item\":\"https:\/\/hotelgaleria.sk\/\"},{\"@type\":\"ListItem\",\"position\":2,\"name\":\"CENN\u00cdK UBYTOVANIA\"}]},{\"@type\":\"WebSite\",\"@id\":\"https:\/\/hotelgaleria.sk\/#website\",\"url\":\"https:\/\/hotelgaleria.sk\/\",\"name\":\"HOTEL GALERIA Pezinsk\u00e1 Baba\",\"description\":\"DOPRAJTE SI POHODU A ZASL\u00da\u017dEN\u00dd ODDYCH\",\"publisher\":{\"@id\":\"https:\/\/hotelgaleria.sk\/#organization\"},\"potentialAction\":[{\"@type\":\"SearchAction\",\"target\":{\"@type\":\"EntryPoint\",\"urlTemplate\":\"https:\/\/hotelgaleria.sk\/?s={search_term_string}\"},\"query-input\":\"required name=search_term_string\"}],\"inLanguage\":\"sk-SK\"},{\"@type\":\"Organization\",\"@id\":\"https:\/\/hotelgaleria.sk\/#organization\",\"name\":\"HOTEL GALERIA Pezinska Baba\",\"url\":\"https:\/\/hotelgaleria.sk\/\",\"logo\":{\"@type\":\"ImageObject\",\"inLanguage\":\"sk-SK\",\"@id\":\"https:\/\/hotelgaleria.sk\/#\/schema\/logo\/image\/\",\"url\":\"https:\/\/hotelgaleria.sk\/wp-content\/uploads\/2021\/07\/logo.png\",\"contentUrl\":\"https:\/\/hotelgaleria.sk\/wp-content\/uploads\/2021\/07\/logo.png\",\"width\":333,\"height\":72,\"caption\":\"HOTEL GALERIA Pezinska Baba\"},\"image\":{\"@id\":\"https:\/\/hotelgaleria.sk\/#\/schema\/logo\/image\/\"}}]}<\/script>\n<!-- \/ Yoast SEO plugin. -->","yoast_head_json":{"title":"CENN\u00cdK UBYTOVANIA - HOTEL GALERIA Pezinsk\u00e1 Baba","robots":{"index":"index","follow":"follow","max-snippet":"max-snippet:-1","max-image-preview":"max-image-preview:large","max-video-preview":"max-video-preview:-1"},"canonical":"https:\/\/hotelgaleria.sk\/index.php\/project-details\/","og_locale":"sk_SK","og_type":"article","og_title":"CENN\u00cdK UBYTOVANIA - HOTEL GALERIA Pezinsk\u00e1 Baba","og_url":"https:\/\/hotelgaleria.sk\/index.php\/project-details\/","og_site_name":"HOTEL GALERIA Pezinsk\u00e1 Baba","article_modified_time":"2025-03-04T22:50:28+00:00","og_image":[{"url":"http:\/\/d.r1.wbsprt.com\/hotelgaleria.sk\/wp-content\/uploads\/2022\/03\/HOTEL-GALERIA-BABA-007-1-1024x922.jpg"}],"twitter_card":"summary_large_image","twitter_misc":{"Predpokladan\u00fd \u010das \u010d\u00edtania":"3 min\u00faty"},"schema":{"@context":"https:\/\/schema.org","@graph":[{"@type":"WebPage","@id":"https:\/\/hotelgaleria.sk\/index.php\/project-details\/","url":"https:\/\/hotelgaleria.sk\/index.php\/project-details\/","name":"CENN\u00cdK UBYTOVANIA - HOTEL GALERIA Pezinsk\u00e1 Baba","isPartOf":{"@id":"https:\/\/hotelgaleria.sk\/#website"},"datePublished":"2021-06-17T08:38:42+00:00","dateModified":"2025-03-04T22:50:28+00:00","breadcrumb":{"@id":"https:\/\/hotelgaleria.sk\/index.php\/project-details\/#breadcrumb"},"inLanguage":"sk-SK","potentialAction":[{"@type":"ReadAction","target":["https:\/\/hotelgaleria.sk\/index.php\/project-details\/"]}]},{"@type":"BreadcrumbList","@id":"https:\/\/hotelgaleria.sk\/index.php\/project-details\/#breadcrumb","itemListElement":[{"@type":"ListItem","position":1,"name":"Home","item":"https:\/\/hotelgaleria.sk\/"},{"@type":"ListItem","position":2,"name":"CENN\u00cdK UBYTOVANIA"}]},{"@type":"WebSite","@id":"https:\/\/hotelgaleria.sk\/#website","url":"https:\/\/hotelgaleria.sk\/","name":"HOTEL GALERIA Pezinsk\u00e1 Baba","description":"DOPRAJTE SI POHODU A ZASL\u00da\u017dEN\u00dd ODDYCH","publisher":{"@id":"https:\/\/hotelgaleria.sk\/#organization"},"potentialAction":[{"@type":"SearchAction","target":{"@type":"EntryPoint","urlTemplate":"https:\/\/hotelgaleria.sk\/?s={search_term_string}"},"query-input":"required name=search_term_string"}],"inLanguage":"sk-SK"},{"@type":"Organization","@id":"https:\/\/hotelgaleria.sk\/#organization","name":"HOTEL GALERIA Pezinska Baba","url":"https:\/\/hotelgaleria.sk\/","logo":{"@type":"ImageObject","inLanguage":"sk-SK","@id":"https:\/\/hotelgaleria.sk\/#\/schema\/logo\/image\/","url":"https:\/\/hotelgaleria.sk\/wp-content\/uploads\/2021\/07\/logo.png","contentUrl":"https:\/\/hotelgaleria.sk\/wp-content\/uploads\/2021\/07\/logo.png","width":333,"height":72,"caption":"HOTEL GALERIA Pezinska Baba"},"image":{"@id":"https:\/\/hotelgaleria.sk\/#\/schema\/logo\/image\/"}}]}},"_links":{"self":[{"href":"https:\/\/hotelgaleria.sk\/index.php\/wp-json\/wp\/v2\/pages\/13","targetHints":{"allow":["GET"]}}],"collection":[{"href":"https:\/\/hotelgaleria.sk\/index.php\/wp-json\/wp\/v2\/pages"}],"about":[{"href":"https:\/\/hotelgaleria.sk\/index.php\/wp-json\/wp\/v2\/types\/page"}],"author":[{"embeddable":true,"href":"https:\/\/hotelgaleria.sk\/index.php\/wp-json\/wp\/v2\/users\/1"}],"replies":[{"embeddable":true,"href":"https:\/\/hotelgaleria.sk\/index.php\/wp-json\/wp\/v2\/comments?post=13"}],"version-history":[{"count":5,"href":"https:\/\/hotelgaleria.sk\/index.php\/wp-json\/wp\/v2\/pages\/13\/revisions"}],"predecessor-version":[{"id":257,"href":"https:\/\/hotelgaleria.sk\/index.php\/wp-json\/wp\/v2\/pages\/13\/revisions\/257"}],"wp:attachment":[{"href":"https:\/\/hotelgaleria.sk\/index.php\/wp-json\/wp\/v2\/media?parent=13"}],"curies":[{"name":"wp","href":"https:\/\/api.w.org\/{rel}","templated":true}]}}